


{"id":2641,"date":"2022-08-13T14:46:54","date_gmt":"2022-08-13T11:46:54","guid":{"rendered":"https:\/\/investor.org.ua\/?page_id=2641"},"modified":"2022-08-29T13:38:46","modified_gmt":"2022-08-29T10:38:46","slug":"przygotowanie-projektu-do-inwestycji","status":"publish","type":"page","link":"https:\/\/investor.org.ua\/pl\/przygotowanie-projektu-do-inwestycji\/","title":{"rendered":"Przygotowanie projektu do inwestycji"},"content":{"rendered":"<p>Przyci\u0105ganie inwestycji, sprzeda\u017c nieruchomo\u015bci biznesowych lub komercyjnych<\/p>\n<p>Bazuj\u0105c na do\u015bwiadczeniu naszej pracy, bazie partner\u00f3w i kontrahent\u00f3w, proponujemy Pa\u0144stwu przyci\u0105gn\u0105\u0107 inwestycje w sw\u00f3j biznes lub go sprzeda\u0107 lub sprzeda\u0107 istniej\u0105ce nieruchomo\u015bci komercyjne.<\/p>\n<p>Sposoby wsp\u00f3\u0142pracy:<\/p>\n<p>1. Umieszczanie informacji o swoim obiekcie na Platformie Rozwi\u0105za\u0144 Inwestycyjnych<\/p>\n<p>2. Profesjonalne przygotowanie prezentacji PnL i Inwestycji<\/p>\n<p>2. Wy\u0142\u0105czna reprezentacja i wsp\u00f3\u0142praca &#8222;pod klucz&#8221;<\/p>\n<p><a href=\"https:\/\/t.me\/rokushnir\"  class=\"error-404__back-btn\">Poznaj warunki wsp\u00f3\u0142pracy<\/a><\/p>\n","protected":false},"excerpt":{"rendered":"<p>Przyci\u0105ganie inwestycji, sprzeda\u017c nieruchomo\u015bci biznesowych lub komercyjnych Bazuj\u0105c na do\u015bwiadczeniu naszej pracy, bazie partner\u00f3w i kontrahent\u00f3w, proponujemy Pa\u0144stwu przyci\u0105gn\u0105\u0107 inwestycje w sw\u00f3j biznes lub go sprzeda\u0107 lub sprzeda\u0107 istniej\u0105ce nieruchomo\u015bci komercyjne. Sposoby wsp\u00f3\u0142pracy: 1. Umieszczanie informacji o swoim obiekcie na Platformie Rozwi\u0105za\u0144 Inwestycyjnych 2. Profesjonalne przygotowanie prezentacji PnL i Inwestycji 2. Wy\u0142\u0105czna reprezentacja i wsp\u00f3\u0142praca [&hellip;]<\/p>\n","protected":false},"author":1,"featured_media":0,"parent":0,"menu_order":0,"comment_status":"closed","ping_status":"closed","template":"","meta":{"_glsr_average":0,"_glsr_ranking":0,"_glsr_reviews":0,"footnotes":""},"class_list":["post-2641","page","type-page","status-publish","hentry"],"acf":[],"_links":{"self":[{"href":"https:\/\/investor.org.ua\/pl\/wp-json\/wp\/v2\/pages\/2641","targetHints":{"allow":["GET"]}}],"collection":[{"href":"https:\/\/investor.org.ua\/pl\/wp-json\/wp\/v2\/pages"}],"about":[{"href":"https:\/\/investor.org.ua\/pl\/wp-json\/wp\/v2\/types\/page"}],"author":[{"embeddable":true,"href":"https:\/\/investor.org.ua\/pl\/wp-json\/wp\/v2\/users\/1"}],"replies":[{"embeddable":true,"href":"https:\/\/investor.org.ua\/pl\/wp-json\/wp\/v2\/comments?post=2641"}],"version-history":[{"count":0,"href":"https:\/\/investor.org.ua\/pl\/wp-json\/wp\/v2\/pages\/2641\/revisions"}],"wp:attachment":[{"href":"https:\/\/investor.org.ua\/pl\/wp-json\/wp\/v2\/media?parent=2641"}],"curies":[{"name":"wp","href":"https:\/\/api.w.org\/{rel}","templated":true}]}}