


{"id":2637,"date":"2022-08-13T14:46:12","date_gmt":"2022-08-13T11:46:12","guid":{"rendered":"https:\/\/investor.org.ua\/?page_id=2637"},"modified":"2022-08-29T13:40:43","modified_gmt":"2022-08-29T10:40:43","slug":"poszukiwanie-projektow-dla-inwestorow","status":"publish","type":"page","link":"https:\/\/investor.org.ua\/pl\/poszukiwanie-projektow-dla-inwestorow\/","title":{"rendered":"Poszukiwanie projekt\u00f3w dla inwestor\u00f3w"},"content":{"rendered":"<p>Oferujemy wsp\u00f3\u0142prac\u0119 Funduszom Inwestycyjnym, a tak\u017ce firmom prowadz\u0105cym dzia\u0142alno\u015b\u0107 inwestycyjn\u0105 w celu rozszerzenia produkcji.<\/p>\n<p>Sposoby wsp\u00f3\u0142pracy:<\/p>\n<p>1. Zapewnienie pe\u0142nego dost\u0119pu do wszystkich ofert inwestycyjnych dost\u0119pnych na platformie.<\/p>\n<p>2. Poszukiwanie obiektu inwestycyjnego lub nieruchomo\u015bci na zlecenie sp\u00f3\u0142ki prawa handlowego lub firmy inwestycyjnej &#8222;pod klucz&#8221;<\/p>\n<p><a href=\"https:\/\/t.me\/rokushnir\"  class=\"error-404__back-btn\">Poznaj warunki wsp\u00f3\u0142pracy<\/a><\/p>\n","protected":false},"excerpt":{"rendered":"<p>Oferujemy wsp\u00f3\u0142prac\u0119 Funduszom Inwestycyjnym, a tak\u017ce firmom prowadz\u0105cym dzia\u0142alno\u015b\u0107 inwestycyjn\u0105 w celu rozszerzenia produkcji. Sposoby wsp\u00f3\u0142pracy: 1. Zapewnienie pe\u0142nego dost\u0119pu do wszystkich ofert inwestycyjnych dost\u0119pnych na platformie. 2. Poszukiwanie obiektu inwestycyjnego lub nieruchomo\u015bci na zlecenie sp\u00f3\u0142ki prawa handlowego lub firmy inwestycyjnej &#8222;pod klucz&#8221; Poznaj warunki wsp\u00f3\u0142pracy<\/p>\n","protected":false},"author":1,"featured_media":0,"parent":0,"menu_order":0,"comment_status":"closed","ping_status":"closed","template":"","meta":{"_glsr_average":0,"_glsr_ranking":0,"_glsr_reviews":0,"footnotes":""},"class_list":["post-2637","page","type-page","status-publish","hentry"],"acf":[],"_links":{"self":[{"href":"https:\/\/investor.org.ua\/pl\/wp-json\/wp\/v2\/pages\/2637","targetHints":{"allow":["GET"]}}],"collection":[{"href":"https:\/\/investor.org.ua\/pl\/wp-json\/wp\/v2\/pages"}],"about":[{"href":"https:\/\/investor.org.ua\/pl\/wp-json\/wp\/v2\/types\/page"}],"author":[{"embeddable":true,"href":"https:\/\/investor.org.ua\/pl\/wp-json\/wp\/v2\/users\/1"}],"replies":[{"embeddable":true,"href":"https:\/\/investor.org.ua\/pl\/wp-json\/wp\/v2\/comments?post=2637"}],"version-history":[{"count":0,"href":"https:\/\/investor.org.ua\/pl\/wp-json\/wp\/v2\/pages\/2637\/revisions"}],"wp:attachment":[{"href":"https:\/\/investor.org.ua\/pl\/wp-json\/wp\/v2\/media?parent=2637"}],"curies":[{"name":"wp","href":"https:\/\/api.w.org\/{rel}","templated":true}]}}